{"id":12939,"date":"2025-09-11T15:14:45","date_gmt":"2025-09-11T13:14:45","guid":{"rendered":"https:\/\/clue.ch\/?page_id=12939"},"modified":"2025-12-17T14:43:56","modified_gmt":"2025-12-17T13:43:56","slug":"hello","status":"publish","type":"page","link":"https:\/\/clue.ch\/en\/hello\/","title":{"rendered":"Hello"},"content":{"rendered":"<h1>Freut mich, <br \/>Sie kennen\u00adzulernen<\/h1>\n<div>\n<p><span>CLUE ist Ihr Sicherheitspartner: kompromisslos in den kritischen Bereichen, pragmatisch im Alltag.<\/span><\/p>\n<\/div>\n<div>\n<div class=\"uk-text-center\">\n  <a id=\"save-contact\" class=\"uk-button uk-button-primary\" href=\"#\">Kontakt hinzuf\u00fcgen<\/a>\n<\/div>\n<p><script>\ndocument.addEventListener('DOMContentLoaded', function () {\n  \/\/ normalize to UPPERCASE so ?id=jrf -> JRF.vcf\n  const raw = new URLSearchParams(location.search).get('id') || 'CLUE';\n  const id = String(raw).replace(\/[^a-z0-9]\/gi,'').toUpperCase();\n  const url = 'https:\/\/cdn.clue.ch\/vcards\/' + id + '.vcf';<\/p>\n<p>  const btn = document.getElementById('save-contact');\n  if (!btn) return;\n  btn.href = url;\n  btn.setAttribute('download', id + '.vcf');\n});\n<\/script><\/p>\n<\/div>\n<p><img decoding=\"async\" src=\"\/wp-content\/uploads\/2025\/09\/VB_SOC-1-scaled.jpg\" alt=\"\"><\/p>\n<h2>\n<h2>Was wir tun<\/h2>\n<\/h2>\n<ul>\n<li>\n<p><img decoding=\"async\" src=\"\/wp-content\/uploads\/2025\/09\/MDR.png\" alt=\"\"><\/p>\n<h3>Managed Detection &#038; Response<\/h3>\n<div>24\/7-\u00dcberwachung, schnelle Reaktionszeiten.<\/div>\n<p><a href=\"https:\/\/clue.ch\/solutions\/managed-detection-and-response\/\">mehr<\/a><\/p>\n<\/li>\n<li>\n<p><img decoding=\"async\" src=\"\/wp-content\/uploads\/2025\/09\/OT.png\" alt=\"\"><\/p>\n<h3>OT Security<\/h3>\n<div>Operative Resilienz durch effektive und innovative L\u00f6sungen<\/div>\n<p><a href=\"https:\/\/clue.ch\/solutions\/ot-security\/\">mehr<\/a><\/p>\n<\/li>\n<li>\n<p><img decoding=\"async\" src=\"\/wp-content\/uploads\/2025\/09\/AppSec.png\" alt=\"\"><\/p>\n<h3>Application Security<\/h3>\n<div>\n<p>Umfassender Schutz von der Entwicklung bis zum operativen Betrieb.<\/p>\n<\/div>\n<p><a href=\"https:\/\/clue.ch\/solutions\/application-security\/\">mehr<\/a><\/p>\n<\/li>\n<\/ul>\n<h4>\u00dcber 10+ Jahre Erfahrung. Auf Ihre Bed\u00fcrfnisse zugeschnitten. Erhalten Sie genau dass, was Sie brauchen. Nicht mehr, nicht weniger.<\/h4>\n<div>\n<h3>Interessiert?<\/h3>\n<div>\n<p>Rufen Sie uns an<a href=\"tel:+41446677766\">+41 44 667 77 66<\/a> oder schreiben Sie uns eine Nachricht<br \/><a href=\"mailto:info@clue.ch\">info@clue.ch<\/a><\/p>\n<\/div>\n<\/div>\n<div>\n<h3>Interessiert?<\/h3>\n<div>\n<p>Rufen Sie uns an<a href=\"tel:\n+4989219091966\"> +49 89 219091966<\/a> oder schreiben Sie uns eine Nachricht<br \/><a href=\"mailto:info@clue.de\">info@clue.de<\/a><\/p>\n<\/div>\n<\/div>\n<p><!--more--><br \/>\n<!-- {\"type\":\"layout\",\"children\":[{\"type\":\"section\",\"props\":{\"image_effect\":\"parallax\",\"image_parallax_bgy\":\"110\",\"image_position\":\"center-center\",\"image_size\":\"cover\",\"media_overlay\":\"rgba(0, 0, 0, 0.33)\",\"padding\":\"large\",\"style\":\"default\",\"title_breakpoint\":\"xl\",\"title_position\":\"top-left\",\"title_rotation\":\"left\",\"vertical_align\":\"middle\",\"width\":\"small\"},\"children\":[{\"type\":\"row\",\"children\":[{\"type\":\"column\",\"props\":{\"image_position\":\"center-center\",\"position_sticky_breakpoint\":\"m\",\"width_medium\":\"1-2\"},\"children\":[{\"type\":\"headline\",\"props\":{\"content\":\"Freut mich, <br \/>Sie kennen\\u00adzulernen\",\"content_en_gb\":\"Nice to <br \/>meet you.\",\"text_align\":\"center\",\"title_element\":\"h1\"}},{\"type\":\"text\",\"props\":{\"column_breakpoint\":\"m\",\"content\":\"\n\n<p><span>CLUE ist Ihr Sicherheitspartner: kompromisslos in den kritischen Bereichen, pragmatisch im Alltag.<\\\/span><\\\/p>\",\"content_en_gb\":\"CLUE is your security partner: relentless in critical areas, pragmatic in everyday life.\",\"margin\":\"default\",\"text_align\":\"center\"}},{\"type\":\"html\",\"props\":{\"content\":\"\n\n<div class=\\\"uk-text-center\\\">\\n  <a id=\\\"save-contact\\\" class=\\\"uk-button uk-button-primary\\\" href=\\\"#\\\">Kontakt hinzuf\\u00fcgen<\\\/a>\\n<\\\/div>\\n\\n<script>\\ndocument.addEventListener('DOMContentLoaded', function () {\\n  \\\/\\\/ normalize to UPPERCASE so ?id=jrf -> JRF.vcf\\n  const raw = new URLSearchParams(location.search).get('id') || 'CLUE';\\n  const id = String(raw).replace(\\\/[^a-z0-9]\\\/gi,'').toUpperCase();\\n  const url = 'https:\\\/\\\/cdn.clue.ch\\\/vcards\\\/' + id + '.vcf';\\n\\n  const btn = document.getElementById('save-contact');\\n  if (!btn) return;\\n  btn.href = url;\\n  btn.setAttribute('download', id + '.vcf');\\n});\\n<\\\/script>\\n\",\"content_en_gb\":\"\n\n<div class=\\\"uk-text-center\\\">\\n  <a id=\\\"save-contact\\\" class=\\\"uk-button uk-button-primary\\\" href=\\\"#\\\">Add Contact<\\\/a>\\n<\\\/div>\\n\\n<script>\\ndocument.addEventListener('DOMContentLoaded', function () {\\n  \\\/\\\/ normalize to UPPERCASE so ?id=jrf -> JRF.vcf\\n  const raw = new URLSearchParams(location.search).get('id') || 'CLUE';\\n  const id = String(raw).replace(\\\/[^a-z0-9]\\\/gi,'').toUpperCase();\\n  const url = 'https:\\\/\\\/cdn.clue.ch\\\/vcards\\\/' + id + '.vcf';\\n\\n  const btn = document.getElementById('save-contact');\\n  if (!btn) return;\\n  btn.href = url;\\n  btn.setAttribute('download', id + '.vcf');\\n});\\n<\\\/script>\\n\"}}]},{\"type\":\"column\",\"props\":{\"image_position\":\"center-center\",\"position_sticky_breakpoint\":\"m\",\"width_medium\":\"1-2\"},\"children\":[{\"type\":\"image\",\"props\":{\"image\":\"wp-content\\\/uploads\\\/2025\\\/09\\\/VB_SOC-1-scaled.jpg\",\"image_focal_point\":\"bottom-center\",\"image_svg_color\":\"emphasis\",\"margin\":\"default\",\"visibility\":\"l\"}}]}],\"props\":{\"layout\":\"1-2,1-2\"}}]},{\"type\":\"section\",\"props\":{\"image_position\":\"center-center\",\"padding\":\"small\",\"style\":\"default\",\"title_breakpoint\":\"xl\",\"title_position\":\"top-left\",\"title_rotation\":\"left\",\"vertical_align\":\"middle\",\"width\":\"xsmall\"},\"children\":[{\"type\":\"row\",\"children\":[{\"type\":\"column\",\"props\":{\"image_position\":\"center-center\",\"position_sticky_breakpoint\":\"m\"},\"children\":[{\"type\":\"headline\",\"props\":{\"content\":\"\n\n<h2>Was wir tun<\\\/h2>\",\"content_en_gb\":\"What We Do\",\"title_element\":\"h2\"}},{\"type\":\"grid\",\"props\":{\"content_column_breakpoint\":\"m\",\"filter_align\":\"left\",\"filter_all\":true,\"filter_grid_breakpoint\":\"m\",\"filter_grid_width\":\"auto\",\"filter_position\":\"top\",\"filter_style\":\"tab\",\"grid_default\":\"1\",\"grid_medium\":\"3\",\"icon_width\":80,\"image_align\":\"top\",\"image_grid_breakpoint\":\"m\",\"image_grid_width\":\"1-2\",\"image_svg_color\":\"emphasis\",\"item_animation\":true,\"link_style\":\"link-muted\",\"link_text\":\"Read more\",\"margin\":\"default\",\"meta_align\":\"below-title\",\"meta_element\":\"div\",\"meta_style\":\"text-meta\",\"panel_expand\":\"content\",\"panel_image_no_padding\":true,\"panel_padding\":\"small\",\"panel_style\":\"card-default\",\"show_content\":true,\"show_image\":true,\"show_link\":true,\"show_meta\":true,\"show_title\":true,\"title_align\":\"top\",\"title_element\":\"h3\",\"title_grid_breakpoint\":\"m\",\"title_grid_width\":\"1-2\",\"title_hover_style\":\"reset\"},\"children\":[{\"type\":\"grid_item\",\"props\":{\"content\":\"24\\\/7-\\u00dcberwachung, schnelle Reaktionszeiten.\",\"content_en_gb\":\"\n\n<p><span>24\\\/7 monitoring, rapid response.<\\\/span><\\\/p>\",\"image\":\"wp-content\\\/uploads\\\/2025\\\/09\\\/MDR.png\",\"link\":\"https:\\\/\\\/clue.ch\\\/solutions\\\/managed-detection-and-response\\\/\",\"link_en_gb\":\"https:\\\/\\\/clue.ch\\\/en\\\/solutions\\\/managed-detection-and-response\\\/\",\"link_text\":\"mehr\",\"link_text_en_gb\":\"more\",\"title\":\"Managed Detection & Response\"}},{\"type\":\"grid_item\",\"props\":{\"content\":\"Operative Resilienz durch effektive und innovative L\\u00f6sungen\",\"content_en_gb\":\"Operational resilience through effective and innovative solutions.\\n\",\"image\":\"wp-content\\\/uploads\\\/2025\\\/09\\\/OT.png\",\"link\":\"https:\\\/\\\/clue.ch\\\/solutions\\\/ot-security\\\/\",\"link_en_gb\":\"https:\\\/\\\/clue.ch\\\/en\\\/solutions\\\/ot-security\\\/\",\"link_text\":\"mehr\",\"link_text_en_gb\":\"more\",\"title\":\"OT Security\"}},{\"type\":\"grid_item\",\"props\":{\"content\":\"\n\n<p>Umfassender Schutz von der Entwicklung bis zum operativen Betrieb.<\\\/p>\",\"content_en_gb\":\"Comprehensive protection from development to operations.\\n\",\"image\":\"wp-content\\\/uploads\\\/2025\\\/09\\\/AppSec.png\",\"link\":\"https:\\\/\\\/clue.ch\\\/solutions\\\/application-security\\\/\",\"link_en_gb\":\"https:\\\/\\\/clue.ch\\\/en\\\/solutions\\\/application-security\\\/\",\"link_text\":\"mehr\",\"link_text_en_gb\":\"more\",\"title\":\"Application Security\"}}]}]}]}]},{\"type\":\"section\",\"props\":{\"image_position\":\"center-center\",\"style\":\"default\",\"title_breakpoint\":\"xl\",\"title_position\":\"top-left\",\"title_rotation\":\"left\",\"vertical_align\":\"middle\",\"width\":\"xsmall\"},\"children\":[{\"type\":\"row\",\"children\":[{\"type\":\"column\",\"props\":{\"image_position\":\"center-center\",\"position_sticky_breakpoint\":\"m\"},\"children\":[{\"type\":\"headline\",\"props\":{\"content\":\"\\u00dcber 10+ Jahre Erfahrung. Auf Ihre Bed\\u00fcrfnisse zugeschnitten. Erhalten Sie genau dass, was Sie brauchen. Nicht mehr, nicht weniger.\",\"content_en_gb\":\"Over 10+ years of experience. Tailored to your needs. Get exactly what you need. No more, no less.\",\"text_align\":\"center\",\"title_color\":\"emphasis\",\"title_element\":\"h4\"}}]}]}]},{\"type\":\"section\",\"props\":{\"class\":\"ch-only\",\"image_position\":\"center-center\",\"style\":\"default\",\"title_breakpoint\":\"xl\",\"title_position\":\"top-left\",\"title_rotation\":\"left\",\"vertical_align\":\"middle\",\"width\":\"xsmall\"},\"children\":[{\"type\":\"row\",\"children\":[{\"type\":\"column\",\"props\":{\"image_position\":\"center-center\",\"position_sticky_breakpoint\":\"m\"},\"children\":[{\"type\":\"panel\",\"props\":{\"content\":\"\n\n<p>Rufen Sie uns an<a href=\\\"tel:+41446677766\\\">+41 44 667 77 66<\\\/a> oder schreiben Sie uns eine Nachricht<br \\\/><a href=\\\"mailto:info@clue.ch\\\">info@clue.ch<\\\/a><\\\/p>\",\"content_column_breakpoint\":\"m\",\"content_en_gb\":\"\n\n<p>Let's talk <a href=\\\"tel:+41446677766\\\">+41 44 667 77 66<\\\/a> or drop us a line <a href=\\\"mailto:info@clue.ch\\\">info@clue.ch<\\\/a><\\\/p>\",\"icon_width\":80,\"image_align\":\"top\",\"image_grid_breakpoint\":\"m\",\"image_grid_width\":\"1-2\",\"image_svg_color\":\"emphasis\",\"link_style\":\"default\",\"link_text\":\"Read more\",\"margin\":\"default\",\"meta_align\":\"below-title\",\"meta_element\":\"div\",\"meta_style\":\"text-meta\",\"panel_padding\":\"small\",\"panel_style\":\"card-primary\",\"title\":\"Interessiert?\",\"title_align\":\"top\",\"title_element\":\"h3\",\"title_en_gb\":\"Interested?\",\"title_grid_breakpoint\":\"m\",\"title_grid_width\":\"1-2\",\"title_hover_style\":\"reset\"}}]}]}]},{\"type\":\"section\",\"props\":{\"class\":\"de-only\",\"image_position\":\"center-center\",\"style\":\"default\",\"title_breakpoint\":\"xl\",\"title_position\":\"top-left\",\"title_rotation\":\"left\",\"vertical_align\":\"middle\",\"width\":\"xsmall\"},\"children\":[{\"type\":\"row\",\"children\":[{\"type\":\"column\",\"props\":{\"image_position\":\"center-center\",\"position_sticky_breakpoint\":\"m\"},\"children\":[{\"type\":\"panel\",\"props\":{\"content\":\"\n\n<p>Rufen Sie uns an<a href=\\\"tel:\\n+4989219091966\\\"> +49 89 219091966<\\\/a> oder schreiben Sie uns eine Nachricht<br \\\/><a href=\\\"mailto:info@clue.de\\\">info@clue.de<\\\/a><\\\/p>\",\"content_column_breakpoint\":\"m\",\"content_en_gb\":\"\n\n<p>Let's talk <a href=\\\"tel:+4989219091966\\\">+49 89 219091966<\\\/a> or drop us a line <a href=\\\"mailto:info@clue.de\\\">info@clue.de<\\\/a><\\\/p>\",\"icon_width\":80,\"image_align\":\"top\",\"image_grid_breakpoint\":\"m\",\"image_grid_width\":\"1-2\",\"image_svg_color\":\"emphasis\",\"link_style\":\"default\",\"link_text\":\"Read more\",\"margin\":\"default\",\"meta_align\":\"below-title\",\"meta_element\":\"div\",\"meta_style\":\"text-meta\",\"panel_padding\":\"small\",\"panel_style\":\"card-primary\",\"title\":\"Interessiert?\",\"title_align\":\"top\",\"title_element\":\"h3\",\"title_grid_breakpoint\":\"m\",\"title_grid_width\":\"1-2\",\"title_hover_style\":\"reset\"}}]}]}]}],\"version\":\"4.4.5\"} --><\/p>\n","protected":false},"excerpt":{"rendered":"<p>Freut mich, Sie kennen\u00adzulernen CLUE ist Ihr Sicherheitspartner: kompromisslos in den kritischen Bereichen, pragmatisch im Alltag. Kontakt hinzuf\u00fcgen Was wir tun Managed Detection &#038; Response 24\/7-\u00dcberwachung, schnelle Reaktionszeiten. mehr OT Security Operative Resilienz durch effektive und innovative L\u00f6sungen mehr Application Security Umfassender Schutz von der Entwicklung bis zum operativen Betrieb. mehr \u00dcber 10+ Jahre Erfahrung. [&hellip;]<\/p>\n","protected":false},"author":2,"featured_media":0,"parent":0,"menu_order":0,"comment_status":"closed","ping_status":"closed","template":"","meta":{"_acf_changed":false,"footnotes":""},"class_list":["post-12939","page","type-page","status-publish","hentry"],"acf":[],"yoast_head":"<!-- This site is optimized with the Yoast SEO plugin v27.1.1 - https:\/\/yoast.com\/product\/yoast-seo-wordpress\/ -->\n<title>Hello<\/title>\n<meta name=\"description\" content=\"Freut mich, Sie kennen\u00adzulernen CLUE ist Ihr Sicherheitspartner: kompromisslos in den kritischen Bereichen, pragmatisch im Alltag. Kontakt hinzuf\u00fcgen Was wir tun Managed Detection &amp; Response 24\/7-\u00dcberwachung, schnelle Reaktionszeiten. mehr OT Security Operative Resilienz durch effektive und innovative L\u00f6sungen mehr Application Security Umfassender Schutz von der Entwicklung bis zum operativen Betrieb. mehr \u00dcber 10+ Jahre Erfahrung.&hellip;\" \/>\n<meta name=\"robots\" content=\"index, follow, max-snippet:-1, max-image-preview:large, max-video-preview:-1\" \/>\n<link rel=\"canonical\" href=\"https:\/\/clue.ch\/hello\/\" \/>\n<meta property=\"og:locale\" content=\"en_GB\" \/>\n<meta property=\"og:type\" content=\"article\" \/>\n<meta property=\"og:title\" content=\"Hello\" \/>\n<meta property=\"og:description\" content=\"Freut mich, Sie kennen\u00adzulernen CLUE ist Ihr Sicherheitspartner: kompromisslos in den kritischen Bereichen, pragmatisch im Alltag. Kontakt hinzuf\u00fcgen Was wir tun Managed Detection &amp; Response 24\/7-\u00dcberwachung, schnelle Reaktionszeiten. mehr OT Security Operative Resilienz durch effektive und innovative L\u00f6sungen mehr Application Security Umfassender Schutz von der Entwicklung bis zum operativen Betrieb. mehr \u00dcber 10+ Jahre Erfahrung.&hellip;\" \/>\n<meta property=\"og:url\" content=\"https:\/\/clue.ch\/hello\/\" \/>\n<meta property=\"og:site_name\" content=\"CLUE\" \/>\n<meta property=\"article:publisher\" content=\"https:\/\/www.instagram.com\/clue.security\/\" \/>\n<meta property=\"article:modified_time\" content=\"2025-12-17T13:43:56+00:00\" \/>\n<meta name=\"twitter:card\" content=\"summary_large_image\" \/>\n<meta name=\"twitter:label1\" content=\"Estimated reading time\" \/>\n\t<meta name=\"twitter:data1\" content=\"2 minutes\" \/>\n<script type=\"application\/ld+json\" class=\"yoast-schema-graph\">{\"@context\":\"https:\/\/schema.org\",\"@graph\":[{\"@type\":\"WebPage\",\"@id\":\"https:\/\/clue.ch\/en\/hello\/\",\"url\":\"https:\/\/clue.ch\/en\/hello\/\",\"name\":\"Hello &#8211; CLUE\",\"isPartOf\":{\"@id\":\"https:\/\/clue.ch\/#website\"},\"datePublished\":\"2025-09-11T13:14:45+00:00\",\"dateModified\":\"2025-12-17T13:43:56+00:00\",\"breadcrumb\":{\"@id\":\"https:\/\/clue.ch\/hello\/#breadcrumb\"},\"inLanguage\":\"en-GB\",\"potentialAction\":[{\"@type\":\"ReadAction\",\"target\":[\"https:\/\/clue.ch\/hello\/\"]}]},{\"@type\":\"BreadcrumbList\",\"@id\":\"https:\/\/clue.ch\/hello\/#breadcrumb\",\"itemListElement\":[{\"@type\":\"ListItem\",\"position\":1,\"name\":\"Home\",\"item\":\"https:\/\/clue.ch\/\"},{\"@type\":\"ListItem\",\"position\":2,\"name\":\"Hello\"}]},{\"@type\":\"WebSite\",\"@id\":\"https:\/\/clue.ch\/en\/#website\",\"url\":\"https:\/\/clue.ch\/en\/\",\"name\":\"CLUE\",\"description\":\"Cyber Secure\",\"publisher\":{\"@id\":\"https:\/\/clue.ch\/en\/#organization\"},\"potentialAction\":[{\"@type\":\"SearchAction\",\"target\":{\"@type\":\"EntryPoint\",\"urlTemplate\":\"https:\/\/clue.ch\/en\/?s={search_term_string}\"},\"query-input\":{\"@type\":\"PropertyValueSpecification\",\"valueRequired\":true,\"valueName\":\"search_term_string\"}}],\"inLanguage\":\"en-GB\"},{\"@type\":\"Organization\",\"@id\":\"https:\/\/clue.ch\/en\/#organization\",\"name\":\"CLUE Security Services\",\"url\":\"https:\/\/clue.ch\/en\/\",\"logo\":{\"@type\":\"ImageObject\",\"inLanguage\":\"en-GB\",\"@id\":\"https:\/\/clue.ch\/en\/#\/schema\/logo\/image\/\",\"url\":\"https:\/\/clue.ch\/wp-content\/uploads\/2024\/02\/CLUE_Logo_Claim_RGB_Color.svg\",\"contentUrl\":\"https:\/\/clue.ch\/wp-content\/uploads\/2024\/02\/CLUE_Logo_Claim_RGB_Color.svg\",\"width\":1,\"height\":1,\"caption\":\"CLUE Security Services\"},\"image\":{\"@id\":\"https:\/\/clue.ch\/en\/#\/schema\/logo\/image\/\"},\"sameAs\":[\"https:\/\/www.instagram.com\/clue.security\/\",\"https:\/\/www.linkedin.com\/company\/clue-security-services\/\"]}]}<\/script>\n<!-- \/ Yoast SEO plugin. -->","yoast_head_json":{"title":"Hello","description":"Freut mich, Sie kennen\u00adzulernen CLUE ist Ihr Sicherheitspartner: kompromisslos in den kritischen Bereichen, pragmatisch im Alltag. Kontakt hinzuf\u00fcgen Was wir tun Managed Detection & Response 24\/7-\u00dcberwachung, schnelle Reaktionszeiten. mehr OT Security Operative Resilienz durch effektive und innovative L\u00f6sungen mehr Application Security Umfassender Schutz von der Entwicklung bis zum operativen Betrieb. mehr \u00dcber 10+ Jahre Erfahrung.&hellip;","robots":{"index":"index","follow":"follow","max-snippet":"max-snippet:-1","max-image-preview":"max-image-preview:large","max-video-preview":"max-video-preview:-1"},"canonical":"https:\/\/clue.ch\/hello\/","og_locale":"en_GB","og_type":"article","og_title":"Hello","og_description":"Freut mich, Sie kennen\u00adzulernen CLUE ist Ihr Sicherheitspartner: kompromisslos in den kritischen Bereichen, pragmatisch im Alltag. Kontakt hinzuf\u00fcgen Was wir tun Managed Detection & Response 24\/7-\u00dcberwachung, schnelle Reaktionszeiten. mehr OT Security Operative Resilienz durch effektive und innovative L\u00f6sungen mehr Application Security Umfassender Schutz von der Entwicklung bis zum operativen Betrieb. mehr \u00dcber 10+ Jahre Erfahrung.&hellip;","og_url":"https:\/\/clue.ch\/hello\/","og_site_name":"CLUE","article_publisher":"https:\/\/www.instagram.com\/clue.security\/","article_modified_time":"2025-12-17T13:43:56+00:00","twitter_card":"summary_large_image","twitter_misc":{"Estimated reading time":"2 minutes"},"schema":{"@context":"https:\/\/schema.org","@graph":[{"@type":"WebPage","@id":"https:\/\/clue.ch\/en\/hello\/","url":"https:\/\/clue.ch\/en\/hello\/","name":"Hello &#8211; CLUE","isPartOf":{"@id":"https:\/\/clue.ch\/#website"},"datePublished":"2025-09-11T13:14:45+00:00","dateModified":"2025-12-17T13:43:56+00:00","breadcrumb":{"@id":"https:\/\/clue.ch\/hello\/#breadcrumb"},"inLanguage":"en-GB","potentialAction":[{"@type":"ReadAction","target":["https:\/\/clue.ch\/hello\/"]}]},{"@type":"BreadcrumbList","@id":"https:\/\/clue.ch\/hello\/#breadcrumb","itemListElement":[{"@type":"ListItem","position":1,"name":"Home","item":"https:\/\/clue.ch\/"},{"@type":"ListItem","position":2,"name":"Hello"}]},{"@type":"WebSite","@id":"https:\/\/clue.ch\/en\/#website","url":"https:\/\/clue.ch\/en\/","name":"CLUE","description":"Cyber Secure","publisher":{"@id":"https:\/\/clue.ch\/en\/#organization"},"potentialAction":[{"@type":"SearchAction","target":{"@type":"EntryPoint","urlTemplate":"https:\/\/clue.ch\/en\/?s={search_term_string}"},"query-input":{"@type":"PropertyValueSpecification","valueRequired":true,"valueName":"search_term_string"}}],"inLanguage":"en-GB"},{"@type":"Organization","@id":"https:\/\/clue.ch\/en\/#organization","name":"CLUE Security Services","url":"https:\/\/clue.ch\/en\/","logo":{"@type":"ImageObject","inLanguage":"en-GB","@id":"https:\/\/clue.ch\/en\/#\/schema\/logo\/image\/","url":"https:\/\/clue.ch\/wp-content\/uploads\/2024\/02\/CLUE_Logo_Claim_RGB_Color.svg","contentUrl":"https:\/\/clue.ch\/wp-content\/uploads\/2024\/02\/CLUE_Logo_Claim_RGB_Color.svg","width":1,"height":1,"caption":"CLUE Security Services"},"image":{"@id":"https:\/\/clue.ch\/en\/#\/schema\/logo\/image\/"},"sameAs":["https:\/\/www.instagram.com\/clue.security\/","https:\/\/www.linkedin.com\/company\/clue-security-services\/"]}]}},"_links":{"self":[{"href":"https:\/\/clue.ch\/en\/wp-json\/wp\/v2\/pages\/12939","targetHints":{"allow":["GET"]}}],"collection":[{"href":"https:\/\/clue.ch\/en\/wp-json\/wp\/v2\/pages"}],"about":[{"href":"https:\/\/clue.ch\/en\/wp-json\/wp\/v2\/types\/page"}],"author":[{"embeddable":true,"href":"https:\/\/clue.ch\/en\/wp-json\/wp\/v2\/users\/2"}],"replies":[{"embeddable":true,"href":"https:\/\/clue.ch\/en\/wp-json\/wp\/v2\/comments?post=12939"}],"version-history":[{"count":1,"href":"https:\/\/clue.ch\/en\/wp-json\/wp\/v2\/pages\/12939\/revisions"}],"predecessor-version":[{"id":14908,"href":"https:\/\/clue.ch\/en\/wp-json\/wp\/v2\/pages\/12939\/revisions\/14908"}],"wp:attachment":[{"href":"https:\/\/clue.ch\/en\/wp-json\/wp\/v2\/media?parent=12939"}],"curies":[{"name":"wp","href":"https:\/\/api.w.org\/{rel}","templated":true}]}}